{"id":1622,"date":"2017-05-29T21:26:23","date_gmt":"2017-05-29T21:26:23","guid":{"rendered":"https:\/\/purdental.wpenginepowered.com\/?page_id=1622"},"modified":"2024-12-17T14:22:02","modified_gmt":"2024-12-17T14:22:02","slug":"home","status":"publish","type":"page","link":"https:\/\/vfnn6z3x222.c.updraftclone.com\/fr\/","title":{"rendered":"Home"},"content":{"rendered":"\r\n<div class=\"hp-hero hp-section full-height align-center orange-bg\">\r\n<div class=\"pur-image\">\r\n<div class=\"valign-middle-table\">\r\n<div class=\"valign-middle-cell\">\r\n<p class=\"bigger\"><img class=\"home-pur-logo\" src=\"\/wp-content\/themes\/genesis-sample\/images\/pur-white.svg\" \/><\/p>\r\n\r\n<\/div>\r\n<\/div>\r\n<\/div>\r\n<div class=\"cycle-slideshow\" data-cycle-slides=\"&gt; &lt;p&gt; div\" data-cycle-random=\"true\" data-cycle-timeout=\"0\">\r\n<div class=\"valign-middle-table\">\r\n<div class=\"valign-middle-cell\">\r\n<p class=\"bigger\">adorez\r\nvotre sourire<\/p>\r\n\r\n<\/div>\r\n<\/div>\r\n<div class=\"valign-middle-table\">\r\n<div class=\"valign-middle-cell\">\r\n<p class=\"bigger\">dorlotez vos dents<\/p>\r\n\r\n<\/div>\r\n<\/div>\r\n<\/div>\r\n<div class=\"next-section anchor-link\"><\/div>\r\n<\/div>\r\n<div id=\"welcome\" class=\"hp-section full-height valign-middle-table orange-bg\">\r\n<div class=\"valign-middle-cell\">\r\n<h1>BIENVENUE AU CENTRE DENTAIRE PUR<\/h1>\r\n<p class=\"big align-left\">Faites l\u2019exp\u00e9rience de la diff\u00e9rence PUR \u00e0 Pointe-claire. Notre \u00e9quipe prend le temps de vous \u00e9couter, d\u2019expliquer et de conseiller les meilleures options de soins dentaires \u00e0 votre disposition, afin que vous vous sentiez \u00e0 l\u2019aise et en confiance \u00e0 chaque \u00e9tape du processus.<\/p>\r\n\r\n<\/div>\r\n<\/div>\r\n\n    <div class=\"pur-sticky-header\">\n        <div class=\"custom-header non-sticky\">\r\n\t<div class=\"wrap\">\r\n\t\t<div class=\"logo-wrapper\" style=\"display: none;\"><a href=\"https:\/\/vfnn6z3x222.c.updraftclone.com\/fr\/\"><img decoding=\"async\" src=\"https:\/\/vfnn6z3x222.c.updraftclone.com\/wp-content\/themes\/genesis-sample\/images\/pur.svg\" alt=\"logo\"><\/a><\/div>\r\n\t    \r\n\t    <a id=\"trigger-mobile\" class=\"mobile-menu-button\" href=\"#\">\r\n\t\t\t<span class=\"burger-bar\"><\/span>\r\n\t\t\t<span class=\"burger-bar\"><\/span>\r\n\t\t\t<span class=\"burger-bar\"><\/span>\r\n\t\t<\/a>\t\t\r\n\r\n\t\t<div class=\"nav-wrapper\">\r\n\t    <div class=\"custom-nav-secondary\">\r\n\t\t\t    <ul class=\"language-switcher\"><li><a href=\"https:\/\/vfnn6z3x222.c.updraftclone.com\/\">EN<\/a><\/li><\/ul>\t\t\t    <ul class=\"contact-info\">\r\n\t\t\t    \t<li class=\"location\"><a href=\"https:\/\/www.google.com.ph\/maps\/place\/955+Boul+Saint-Jean+%23302,+Pointe-Claire,+QC+H9R+4Y2,+Canada\/@45.4688984,-73.8314,17z\/data=!3m1!4b1!4m5!3m4!1s0x4cc93c7af4e4ff93:0xc2d847226a9d0215!8m2!3d45.4688947!4d-73.8292113?hl=en\" target=\"_blank\"><i class=\"fa fa-map-marker\" aria-hidden=\"true\"><\/i><span style=\"display: none;\">\r\n                   \r\n                    O\u00d9 NOUS TROUVER                   \r\n                    <\/span><\/a><\/li>\r\n\t\t\t    \t<li class=\"phone-number\"><a href=\"tel:514.694.8880\"><i class=\"fa fa-phone\" aria-hidden=\"true\"><\/i><span style=\"display: none;\">+514.694.8880<\/span><\/a><\/li>\r\n\t\t\t\t    <\/ul>\r\n\t\t<\/div>\r\n\r\n\t    <nav id=\"genesis-nav-primary\" class=\"nav-primary\" role=\"navigation\">\r\n\t            <ul id=\"menu-main-menu\" class=\"genesis-nav-menu menu-primary\"><li id=\"menu-item-1677\" class=\"menu-item menu-item-type-post_type menu-item-object-page menu-item-home menu-item-1677\"><a href=\"https:\/\/vfnn6z3x222.c.updraftclone.com\/fr\/\"><span>Accueil<\/span><\/a><\/li>\n<li id=\"menu-item-1678\" class=\"menu-item menu-item-type-custom menu-item-object-custom menu-item-has-children menu-item-1678\"><a href=\"#\"><span>A Propos<\/span><\/a>\n<ul class=\"sub-menu\">\n\t<li id=\"menu-item-1679\" class=\"menu-item menu-item-type-post_type menu-item-object-page menu-item-1679\"><a href=\"https:\/\/vfnn6z3x222.c.updraftclone.com\/fr\/nos-dentistes\/\"><span>NOS DENTISTES<\/span><\/a><\/li>\n\t<li id=\"menu-item-1680\" class=\"menu-item menu-item-type-post_type menu-item-object-page menu-item-1680\"><a href=\"https:\/\/vfnn6z3x222.c.updraftclone.com\/fr\/notre-equipe\/\"><span>Notre \u00c9quipe<\/span><\/a><\/li>\n<\/ul>\n<\/li>\n<li id=\"menu-item-1681\" class=\"menu-item menu-item-type-custom menu-item-object-custom menu-item-has-children menu-item-1681\"><a href=\"#\"><span>Services<\/span><\/a>\n<ul class=\"sub-menu\">\n\t<li id=\"menu-item-1682\" class=\"menu-item menu-item-type-post_type menu-item-object-service menu-item-1682\"><a href=\"https:\/\/vfnn6z3x222.c.updraftclone.com\/service\/checkups-cleanings-fillings\/\"><span>Examens de suivi, nettoyages et plombages<\/span><\/a><\/li>\n\t<li id=\"menu-item-1683\" class=\"menu-item menu-item-type-post_type menu-item-object-service menu-item-1683\"><a href=\"https:\/\/vfnn6z3x222.c.updraftclone.com\/service\/gum-treatment\/\"><span>Parodontie (traitement des gencives)<\/span><\/a><\/li>\n\t<li id=\"menu-item-1684\" class=\"menu-item menu-item-type-post_type menu-item-object-service menu-item-1684\"><a href=\"https:\/\/vfnn6z3x222.c.updraftclone.com\/service\/root-canal\/\"><span>Traitement de canal<\/span><\/a><\/li>\n\t<li id=\"menu-item-1685\" class=\"menu-item menu-item-type-post_type menu-item-object-service menu-item-1685\"><a href=\"https:\/\/vfnn6z3x222.c.updraftclone.com\/service\/crown-cap\/\"><span>Couronne<\/span><\/a><\/li>\n\t<li id=\"menu-item-1686\" class=\"menu-item menu-item-type-post_type menu-item-object-service menu-item-1686\"><a href=\"https:\/\/vfnn6z3x222.c.updraftclone.com\/service\/wisdom-teeth-extractions\/\"><span>Extraction des dents de sagesse<\/span><\/a><\/li>\n\t<li id=\"menu-item-1687\" class=\"menu-item menu-item-type-post_type menu-item-object-service menu-item-1687\"><a href=\"https:\/\/vfnn6z3x222.c.updraftclone.com\/service\/missing-teeth-implants\/\"><span>Dents manquantes et implants<\/span><\/a><\/li>\n\t<li id=\"menu-item-1688\" class=\"menu-item menu-item-type-post_type menu-item-object-service menu-item-1688\"><a href=\"https:\/\/vfnn6z3x222.c.updraftclone.com\/service\/whitening-zoom\/\"><span>Blanchiment et ZOOM<\/span><\/a><\/li>\n\t<li id=\"menu-item-1689\" class=\"menu-item menu-item-type-post_type menu-item-object-service menu-item-1689\"><a href=\"https:\/\/vfnn6z3x222.c.updraftclone.com\/service\/invisalign\/\"><span>Invisalign<sup>MD<\/sup><\/span><\/a><\/li>\n<\/ul>\n<\/li>\n<li id=\"menu-item-1690\" class=\"menu-item menu-item-type-post_type menu-item-object-page menu-item-1690\"><a href=\"https:\/\/vfnn6z3x222.c.updraftclone.com\/fr\/votre-premier-rendez-vous\/\"><span>Votre premier rendez-vous<\/span><\/a><\/li>\n<li id=\"menu-item-1691\" class=\"menu-item menu-item-type-post_type menu-item-object-page current_page_parent menu-item-1691\"><a href=\"https:\/\/vfnn6z3x222.c.updraftclone.com\/fr\/blogue\/\"><span>Blogue<\/span><\/a><\/li>\n<li id=\"menu-item-1692\" class=\"menu-item menu-item-type-post_type menu-item-object-page menu-item-1692\"><a href=\"https:\/\/vfnn6z3x222.c.updraftclone.com\/fr\/zone-denfants\/\"><span>Zone d\u2019enfants<\/span><\/a><\/li>\n<li id=\"menu-item-1693\" class=\"menu-item menu-item-type-post_type menu-item-object-page menu-item-1693\"><a href=\"https:\/\/vfnn6z3x222.c.updraftclone.com\/fr\/promotions\/\"><span>Promotions<\/span><\/a><\/li>\n<li id=\"menu-item-1694\" class=\"menu-item menu-item-type-post_type menu-item-object-page menu-item-1694\"><a href=\"https:\/\/vfnn6z3x222.c.updraftclone.com\/fr\/nous-joindre\/\"><span>NOUS JOINDRE<\/span><\/a><\/li>\n<\/ul>\t            <div class=\"clearfix\"><\/div>\r\n\t    \t\t    <ul style=\"display: none;\" class=\"social-media-icons\">\r\n\t\t\t\t\t\t<li><a href=\"https:\/\/www.facebook.com\/MTL-Dentistry-202825676455450\/\" target=\"_blank\"><i class=\"fa fa-facebook\" aria-hidden=\"true\"><\/i><\/a><\/li>\r\n\t\t\t\t\t\t<li><a href=\"https:\/\/www.instagram.com\/pursmiles\/\" target=\"_blank\"><i class=\"fa fa-instagram\" aria-hidden=\"true\"><\/i><\/a><\/li>\r\n\t\t\t\t\t\t<li><a href=\"https:\/\/plus.google.com\/u\/0\/b\/111287597673440840317\/111287597673440840317\" target=\"_blank\"><i class=\"fa fa-google-plus\" aria-hidden=\"true\"><\/i><\/a><\/li>\r\n\t\t\t\t\t\t<li><a href=\"https:\/\/www.youtube.com\/channel\/UC4Vqd8DSqS4Uq76SJP0c55w\" target=\"_blank\"><i class=\"fa fa-youtube\" aria-hidden=\"true\"><\/i><\/a><\/li>\r\n\t\t\t\t\t\t<li><a href=\"https:\/\/www.linkedin.com\/company-beta\/2365029\/\" target=\"_blank\"><i class=\"fa fa-linkedin\" aria-hidden=\"true\"><\/i><\/a><\/li>\r\n\t\t    <\/ul>\t            \r\n\t    <\/nav>\r\n\r\n\r\n\r\n\t\t<\/div>\r\n\t<\/div>\r\n\r\n\r\n<!-- \t<div class=\"sticky-header\">\r\n\t\t<div class=\"wrap\">\r\n\r\n\t\t\t<div class=\"logo-wrapper\"><a href=\"https:\/\/vfnn6z3x222.c.updraftclone.com\/fr\/\"><img decoding=\"async\" src=\"https:\/\/vfnn6z3x222.c.updraftclone.com\/wp-content\/themes\/genesis-sample\/images\/logo.png\" alt=\"logo\"><\/a><\/div>\r\n\t\t    <a id=\"trigger-mobile\" class=\"mobile-menu-button\" href=\"#\">\r\n\t\t\t\t<span class=\"burger-bar\"><\/span>\r\n\t\t\t\t<span class=\"burger-bar\"><\/span>\r\n\t\t\t\t<span class=\"burger-bar\"><\/span>\r\n\t\t\t<\/a>\t\r\n\t\t<\/div>\r\n\t<\/div> -->\r\n\r\n<\/div>\r\n\r\n<div class=\"sticky-placeholder\"><\/div>\r\n\r\n<!--<a id=\"back_to_top\" href=\"#\" class=\"on\">-->\r\n<!--\t<span class=\"fa-stack\">-->\r\n<!--\t\t<i class=\"fa fa-angle-up\" style=\"\"><\/i>-->\r\n<!--\t<\/span>-->\r\n<!--<\/a>-->\r\n\r\n<div class=\"pur-sticky-fix\"><\/div>    <\/div>\n\n\r\n<div id=\"services\" class=\"hp-section services-section\">\r\n<h2>NOS SERVICES<\/h2>\r\n\n<ol><li><a href='https:\/\/vfnn6z3x222.c.updraftclone.com\/fr\/service\/examens-de-suivi-nettoyages-et-plombages\/'><img alt='Examens de suivi, nettoyages et plombages' src='https:\/\/vfnn6z3x222.c.updraftclone.com\/wp-content\/uploads\/2017\/05\/service-icon-1.png'\/>Examens de suivi, nettoyages et plombages<\/a><\/li><li><a href='https:\/\/vfnn6z3x222.c.updraftclone.com\/fr\/service\/parodontie-traitement-des-gencives\/'><img alt='Parodontie (traitement des gencives)' src='https:\/\/vfnn6z3x222.c.updraftclone.com\/wp-content\/uploads\/2017\/05\/service-icon-2.png'\/>Parodontie (traitement des gencives)<\/a><\/li><li><a href='https:\/\/vfnn6z3x222.c.updraftclone.com\/fr\/service\/traitement-de-canal\/'><img alt='Traitement de canal' src='https:\/\/vfnn6z3x222.c.updraftclone.com\/wp-content\/uploads\/2017\/05\/service-icon-3.png'\/>Traitement de canal<\/a><\/li><li><a href='https:\/\/vfnn6z3x222.c.updraftclone.com\/fr\/service\/couronne\/'><img alt='Couronne' src='https:\/\/vfnn6z3x222.c.updraftclone.com\/wp-content\/uploads\/2017\/05\/service-icon-4.png'\/>Couronne<\/a><\/li><li><a href='https:\/\/vfnn6z3x222.c.updraftclone.com\/fr\/service\/wisdom-teeth-extractions\/'><img alt='Extraction des dents de sagesse' src='https:\/\/vfnn6z3x222.c.updraftclone.com\/wp-content\/uploads\/2017\/05\/service-icon-5.png'\/>Extraction des dents de sagesse<\/a><\/li><li><a href='https:\/\/vfnn6z3x222.c.updraftclone.com\/fr\/service\/dents-manquantes-et-implants\/'><img alt='Dents manquantes et implants' src='https:\/\/vfnn6z3x222.c.updraftclone.com\/wp-content\/uploads\/2017\/05\/service-icon-6.png'\/>Dents manquantes et implants<\/a><\/li><li><a href='https:\/\/vfnn6z3x222.c.updraftclone.com\/fr\/service\/invisalignmd\/'><img alt='Invisalign<sup>MD<\/sup>' src='https:\/\/vfnn6z3x222.c.updraftclone.com\/wp-content\/uploads\/2017\/05\/service-icon-7.png'\/>Invisalign<sup>MD<\/sup><\/a><\/li><li><a href='https:\/\/vfnn6z3x222.c.updraftclone.com\/fr\/service\/blanchiment-et-zoom\/'><img alt='Blanchiment et ZOOM' src='https:\/\/vfnn6z3x222.c.updraftclone.com\/wp-content\/uploads\/2017\/05\/service-icon-8.png'\/>Blanchiment et ZOOM<\/a><\/li><\/ol>\n\r\n\r\n<\/div>\r\n<div class=\"hp-section purdentistry-section orange-bg\">\r\n<h2>FAITES L\u2019EXP\u00c9RIENCE DE LA DIFF\u00c9RENCE PUR<\/h2>\r\n<p class=\"bigger v2\">#purdentistry<\/p>\r\n\r\n<\/div>\r\n<div class=\"hp-section team-section\">\r\n<h2>NOTRE \u00c9QUIPE<\/h2>\r\n<div class=\"wrap\">\r\n<h3>Notre plus grande richesse est notre \u00e9quipe.<\/h3>\r\nNos assistant(e)s et hygi\u00e9nistes dentaires sont des professionnels formidables, sympathiques et attentionn\u00e9s qui adorent leur travail. Tous sont motiv\u00e9s \u00e0 fournir des soins de la plus haute qualit\u00e9 dans le souci d'assurer les meilleurs r\u00e9sultats \u00e0 nos patients.\r\n\r\n<\/div>\r\n<\/div>\r\n<p style=\"max-width: none; margin-bottom: 0px; line-height: 0;\"><img class=\"bg-image-mobile team-image\" src=\"\/wp-content\/uploads\/2017\/05\/Pointe-Claire-dental-office-quebec-mobile.jpg\" \/>\r\n<img class=\"bg-image team-image\" src=\"\/wp-content\/uploads\/2017\/05\/Pointe-Claire-dental-office-quebec.jpg\" \/><\/p>\r\n\r\n<div class=\"hp-section blue-bg dentist-section\">\r\n<h2>NOS DENTISTES<\/h2>\r\n\n<div class='dentist-carousel text-align-left' ><div class='dentist-entry'><span><a href='\/fr\/nos-dentistes\/'><img alt='Pur Dental Center Dr. Ghassan El -Onsi' class='bg-image' src='https:\/\/vfnn6z3x222.c.updraftclone.com\/wp-content\/uploads\/2017\/05\/Pointe-Claire-dentiste-dr-ghassan-el-onsi.png'\/><\/a><\/span>Dr. Ghassan El -Onsi<\/div><div class='dentist-entry'><span><a href='\/fr\/nos-dentistes\/'><img alt='Pur Dental Center Dr Camil Rafla' class='bg-image' src='https:\/\/vfnn6z3x222.c.updraftclone.com\/wp-content\/uploads\/2017\/05\/Pointe-Claire-dentiste-dr-camil-rafla.png'\/><\/a><\/span>Dr Camil Rafla<\/div><div class='dentist-entry'><span><a href='\/fr\/nos-dentistes\/'><img alt='Pur Dental Center Dr Ghassan El -Onsi' class='bg-image' src='https:\/\/vfnn6z3x222.c.updraftclone.com\/wp-content\/uploads\/2017\/05\/Pointe-Claire-dentiste-dr-ghassan-el-onsi.png'\/><\/a><\/span>Dr Ghassan El -Onsi<\/div><div class='dentist-entry'><span><a href='\/fr\/nos-dentistes\/'><img alt='Pur Dental Center Dr. Camil Rafla' class='bg-image' src='https:\/\/vfnn6z3x222.c.updraftclone.com\/wp-content\/uploads\/2017\/05\/Pointe-Claire-dentiste-dr-camil-rafla.png'\/><\/a><\/span>Dr. Camil Rafla<\/div><\/div>\n<p>\r\n\r\n<\/div>\r\n<div class=\"hp-section gray-bg newsletter-section\">\r\n\r\n<span class=\"section-heading\"><img src=\"\/wp-content\/themes\/genesis-sample\/images\/medium-white-teeth-icon.png\" \/><\/span>\r\n<p class=\"bigger\">smile on<\/p>\r\n\r\n<div class=\"newsletter-form\">\r\n<h3>Inscrivez-vous \u00e0 notre infolettre!<\/h3>\r\n<script>(function() {\n\twindow.mc4wp = window.mc4wp || {\n\t\tlisteners: [],\n\t\tforms: {\n\t\t\ton: function(evt, cb) {\n\t\t\t\twindow.mc4wp.listeners.push(\n\t\t\t\t\t{\n\t\t\t\t\t\tevent   : evt,\n\t\t\t\t\t\tcallback: cb\n\t\t\t\t\t}\n\t\t\t\t);\n\t\t\t}\n\t\t}\n\t}\n})();\n<\/script><!-- Mailchimp for WordPress v4.12.1 - https:\/\/wordpress.org\/plugins\/mailchimp-for-wp\/ --><form id=\"mc4wp-form-1\" class=\"mc4wp-form mc4wp-form-22\" method=\"post\" data-id=\"22\" data-name=\"General Optin Form\" ><div class=\"mc4wp-form-fields\"><input type=\u201dhidden\u201d class=\"mc-language\" name=\u201dMC_LANGUAGE\u201d value=\u201d{language}\u201d \/><input type=\"email\" name=\"EMAIL\" placeholder=\"VOTRE ADRESSE COURRIEL\" required \/><input type=\"submit\" value=\"S\u2019INSCRIRE\" \/><\/div><label style=\"display: none !important;\">Leave this field empty if you're human: <input type=\"text\" name=\"_mc4wp_honeypot\" value=\"\" tabindex=\"-1\" autocomplete=\"off\" \/><\/label><input type=\"hidden\" name=\"_mc4wp_timestamp\" value=\"1776460754\" \/><input type=\"hidden\" name=\"_mc4wp_form_id\" value=\"22\" \/><input type=\"hidden\" name=\"_mc4wp_form_element_id\" value=\"mc4wp-form-1\" \/><div class=\"mc4wp-response\"><\/div><\/form><!-- \/ Mailchimp for WordPress Plugin --><\/p>\n<\/div>\n<\/div>\n","protected":false},"excerpt":{"rendered":"","protected":false},"author":107,"featured_media":0,"parent":0,"menu_order":0,"comment_status":"closed","ping_status":"closed","template":"","meta":{"_acf_changed":false,"_genesis_hide_title":false,"_genesis_hide_breadcrumbs":false,"_genesis_hide_singular_image":false,"_genesis_hide_footer_widgets":false,"_genesis_custom_body_class":"","_genesis_custom_post_class":"","_genesis_layout":"","footnotes":""},"class_list":{"0":"post-1622","1":"page","2":"type-page","3":"status-publish","5":"entry"},"acf":[],"yoast_head":"<!-- This site is optimized with the Yoast SEO plugin v27.4 - https:\/\/yoast.com\/product\/yoast-seo-wordpress\/ -->\n<title>Pur | Dentiste Montr\u00e9al | Esth\u00e9tique &amp; Urgence<\/title>\n<meta name=\"description\" content=\"Dentiste \u00e0 Montr\u00e9al, proposant les meilleures solutions de soins dentaires pour toute la famille. Urgences accept\u00e9es. Contactez-nous pour un rendez-vous!\" \/>\n<meta name=\"robots\" content=\"noindex, follow, max-snippet:-1, max-image-preview:large, max-video-preview:-1\" \/>\n<meta property=\"og:locale\" content=\"fr_FR\" \/>\n<meta property=\"og:type\" content=\"article\" \/>\n<meta property=\"og:title\" content=\"Pur | Dentiste Montr\u00e9al | Esth\u00e9tique &amp; Urgence\" \/>\n<meta property=\"og:description\" content=\"Dentiste \u00e0 Montr\u00e9al, proposant les meilleures solutions de soins dentaires pour toute la famille. Urgences accept\u00e9es. Contactez-nous pour un rendez-vous!\" \/>\n<meta property=\"og:url\" content=\"https:\/\/vfnn6z3x222.c.updraftclone.com\/fr\/\" \/>\n<meta property=\"og:site_name\" content=\"Pur Dental Center\" \/>\n<meta property=\"article:modified_time\" content=\"2024-12-17T14:22:02+00:00\" \/>\n<meta name=\"twitter:card\" content=\"summary_large_image\" \/>\n<meta name=\"twitter:label1\" content=\"Est. reading time\" \/>\n\t<meta name=\"twitter:data1\" content=\"2 minutes\" \/>\n<script type=\"application\/ld+json\" class=\"yoast-schema-graph\">{\"@context\":\"https:\\\/\\\/schema.org\",\"@graph\":[{\"@type\":\"WebPage\",\"@id\":\"https:\\\/\\\/vfnn6z3x222.c.updraftclone.com\\\/fr\\\/\",\"url\":\"https:\\\/\\\/vfnn6z3x222.c.updraftclone.com\\\/fr\\\/\",\"name\":\"Pur | Dentiste Montr\u00e9al | Esth\u00e9tique & Urgence\",\"isPartOf\":{\"@id\":\"https:\\\/\\\/vfnn6z3x222.c.updraftclone.com\\\/#website\"},\"datePublished\":\"2017-05-29T21:26:23+00:00\",\"dateModified\":\"2024-12-17T14:22:02+00:00\",\"description\":\"Dentiste \u00e0 Montr\u00e9al, proposant les meilleures solutions de soins dentaires pour toute la famille. Urgences accept\u00e9es. Contactez-nous pour un rendez-vous!\",\"breadcrumb\":{\"@id\":\"https:\\\/\\\/vfnn6z3x222.c.updraftclone.com\\\/fr\\\/#breadcrumb\"},\"inLanguage\":\"fr-FR\",\"potentialAction\":[{\"@type\":\"ReadAction\",\"target\":[\"https:\\\/\\\/vfnn6z3x222.c.updraftclone.com\\\/fr\\\/\"]}]},{\"@type\":\"BreadcrumbList\",\"@id\":\"https:\\\/\\\/vfnn6z3x222.c.updraftclone.com\\\/fr\\\/#breadcrumb\",\"itemListElement\":[{\"@type\":\"ListItem\",\"position\":1,\"name\":\"Home\",\"item\":\"https:\\\/\\\/vfnn6z3x222.c.updraftclone.com\\\/fr\\\/\"},{\"@type\":\"ListItem\",\"position\":2,\"name\":\"Home\"}]},{\"@type\":\"WebSite\",\"@id\":\"https:\\\/\\\/vfnn6z3x222.c.updraftclone.com\\\/#website\",\"url\":\"https:\\\/\\\/vfnn6z3x222.c.updraftclone.com\\\/\",\"name\":\"Pur Dental Center\",\"description\":\"Your Montreal Dentists\",\"potentialAction\":[{\"@type\":\"SearchAction\",\"target\":{\"@type\":\"EntryPoint\",\"urlTemplate\":\"https:\\\/\\\/vfnn6z3x222.c.updraftclone.com\\\/?s={search_term_string}\"},\"query-input\":{\"@type\":\"PropertyValueSpecification\",\"valueRequired\":true,\"valueName\":\"search_term_string\"}}],\"inLanguage\":\"fr-FR\"}]}<\/script>\n<!-- \/ Yoast SEO plugin. -->","yoast_head_json":{"title":"Pur | Dentiste Montr\u00e9al | Esth\u00e9tique & Urgence","description":"Dentiste \u00e0 Montr\u00e9al, proposant les meilleures solutions de soins dentaires pour toute la famille. Urgences accept\u00e9es. Contactez-nous pour un rendez-vous!","robots":{"index":"noindex","follow":"follow","max-snippet":"max-snippet:-1","max-image-preview":"max-image-preview:large","max-video-preview":"max-video-preview:-1"},"og_locale":"fr_FR","og_type":"article","og_title":"Pur | Dentiste Montr\u00e9al | Esth\u00e9tique & Urgence","og_description":"Dentiste \u00e0 Montr\u00e9al, proposant les meilleures solutions de soins dentaires pour toute la famille. Urgences accept\u00e9es. Contactez-nous pour un rendez-vous!","og_url":"https:\/\/vfnn6z3x222.c.updraftclone.com\/fr\/","og_site_name":"Pur Dental Center","article_modified_time":"2024-12-17T14:22:02+00:00","twitter_card":"summary_large_image","twitter_misc":{"Est. reading time":"2 minutes"},"schema":{"@context":"https:\/\/schema.org","@graph":[{"@type":"WebPage","@id":"https:\/\/vfnn6z3x222.c.updraftclone.com\/fr\/","url":"https:\/\/vfnn6z3x222.c.updraftclone.com\/fr\/","name":"Pur | Dentiste Montr\u00e9al | Esth\u00e9tique & Urgence","isPartOf":{"@id":"https:\/\/vfnn6z3x222.c.updraftclone.com\/#website"},"datePublished":"2017-05-29T21:26:23+00:00","dateModified":"2024-12-17T14:22:02+00:00","description":"Dentiste \u00e0 Montr\u00e9al, proposant les meilleures solutions de soins dentaires pour toute la famille. Urgences accept\u00e9es. Contactez-nous pour un rendez-vous!","breadcrumb":{"@id":"https:\/\/vfnn6z3x222.c.updraftclone.com\/fr\/#breadcrumb"},"inLanguage":"fr-FR","potentialAction":[{"@type":"ReadAction","target":["https:\/\/vfnn6z3x222.c.updraftclone.com\/fr\/"]}]},{"@type":"BreadcrumbList","@id":"https:\/\/vfnn6z3x222.c.updraftclone.com\/fr\/#breadcrumb","itemListElement":[{"@type":"ListItem","position":1,"name":"Home","item":"https:\/\/vfnn6z3x222.c.updraftclone.com\/fr\/"},{"@type":"ListItem","position":2,"name":"Home"}]},{"@type":"WebSite","@id":"https:\/\/vfnn6z3x222.c.updraftclone.com\/#website","url":"https:\/\/vfnn6z3x222.c.updraftclone.com\/","name":"Pur Dental Center","description":"Your Montreal Dentists","potentialAction":[{"@type":"SearchAction","target":{"@type":"EntryPoint","urlTemplate":"https:\/\/vfnn6z3x222.c.updraftclone.com\/?s={search_term_string}"},"query-input":{"@type":"PropertyValueSpecification","valueRequired":true,"valueName":"search_term_string"}}],"inLanguage":"fr-FR"}]}},"_links":{"self":[{"href":"https:\/\/vfnn6z3x222.c.updraftclone.com\/fr\/wp-json\/wp\/v2\/pages\/1622"}],"collection":[{"href":"https:\/\/vfnn6z3x222.c.updraftclone.com\/fr\/wp-json\/wp\/v2\/pages"}],"about":[{"href":"https:\/\/vfnn6z3x222.c.updraftclone.com\/fr\/wp-json\/wp\/v2\/types\/page"}],"author":[{"embeddable":true,"href":"https:\/\/vfnn6z3x222.c.updraftclone.com\/fr\/wp-json\/wp\/v2\/users\/107"}],"replies":[{"embeddable":true,"href":"https:\/\/vfnn6z3x222.c.updraftclone.com\/fr\/wp-json\/wp\/v2\/comments?post=1622"}],"version-history":[{"count":3,"href":"https:\/\/vfnn6z3x222.c.updraftclone.com\/fr\/wp-json\/wp\/v2\/pages\/1622\/revisions"}],"predecessor-version":[{"id":2093,"href":"https:\/\/vfnn6z3x222.c.updraftclone.com\/fr\/wp-json\/wp\/v2\/pages\/1622\/revisions\/2093"}],"wp:attachment":[{"href":"https:\/\/vfnn6z3x222.c.updraftclone.com\/fr\/wp-json\/wp\/v2\/media?parent=1622"}],"curies":[{"name":"wp","href":"https:\/\/api.w.org\/{rel}","templated":true}]}}