{"id":1631,"date":"2018-10-29T15:59:11","date_gmt":"2018-10-29T15:59:11","guid":{"rendered":"https:\/\/purdental.wpenginepowered.com\/?page_id=1631"},"modified":"2024-12-17T10:21:58","modified_gmt":"2024-12-17T10:21:58","slug":"zone-denfants","status":"publish","type":"page","link":"https:\/\/vfnn6z3x222.c.updraftclone.com\/fr\/zone-denfants\/","title":{"rendered":"Zone d&#8217;enfants"},"content":{"rendered":"<p>Si votre enfant est nerveux \u00e0 l&#8217;id\u00e9e d&#8217;une visite chez le dentiste, vous pourriez devenir tent\u00e9 d&#8217;\u00eatre un peu malhonn\u00eate ou vague sur ce qui arrivera. Cependant, c\u2019est tr\u00e8s important que vous soyez franc et sinc\u00e8re pour que votre enfant soit bien pr\u00e9par\u00e9. Mais \u00e7a peut quand m\u00eame \u00eatre une exp\u00e9rience agr\u00e9able!<\/p>\n<p>Chez Pur, nous comprenons qu\u2019un rendez-vous chez le dentiste n\u2019est pas super attirant, mais notre Zone D\u2019Enfants permet \u00e0 vos petits de s\u2019amuser avant leur examen dentaire, ce qui r\u00e9duit l&#8217;anxi\u00e9t\u00e9 et qui rend vos enfants excit\u00e9s pour leur prochaine visite.<\/p>\n<p>&nbsp;<\/p>\n<p><img loading=\"lazy\" decoding=\"async\" class=\"aligncenter size-large wp-image-655\" src=\"https:\/\/purdental.wpenginepowered.com\/wp-content\/uploads\/2018\/11\/kidz-zone-1024x418.png\" alt=\"kidz zone\" width=\"1024\" height=\"418\" srcset=\"https:\/\/vfnn6z3x222.c.updraftclone.com\/wp-content\/uploads\/2018\/11\/kidz-zone-1024x418.png 1024w, https:\/\/vfnn6z3x222.c.updraftclone.com\/wp-content\/uploads\/2018\/11\/kidz-zone-300x122.png 300w, https:\/\/vfnn6z3x222.c.updraftclone.com\/wp-content\/uploads\/2018\/11\/kidz-zone-768x313.png 768w\" sizes=\"(max-width: 1024px) 100vw, 1024px\" \/><\/p>\n","protected":false},"excerpt":{"rendered":"<p>Si votre enfant est nerveux \u00e0 l&#8217;id\u00e9e d&#8217;une visite chez le dentiste, vous pourriez devenir tent\u00e9 d&#8217;\u00eatre un peu malhonn\u00eate [&hellip;]<\/p>\n","protected":false},"author":107,"featured_media":0,"parent":0,"menu_order":0,"comment_status":"closed","ping_status":"closed","template":"","meta":{"_acf_changed":false,"_genesis_hide_title":false,"_genesis_hide_breadcrumbs":false,"_genesis_hide_singular_image":false,"_genesis_hide_footer_widgets":false,"_genesis_custom_body_class":"","_genesis_custom_post_class":"","_genesis_layout":"","footnotes":""},"class_list":{"0":"post-1631","1":"page","2":"type-page","3":"status-publish","5":"entry"},"acf":[],"yoast_head":"<!-- This site is optimized with the Yoast SEO plugin v27.4 - https:\/\/yoast.com\/product\/yoast-seo-wordpress\/ -->\n<title>Zone d&#039;enfants | Centre Dentaire Pur | Pointe-Claire<\/title>\n<meta name=\"description\" content=\"Nous comprenons qu\u2019un rendez-vous chez le dentiste n\u2019est pas super attirant, mais notre Zone D\u2019Enfants permet \u00e0 vos petits de s\u2019amuser avant leur examen.\" \/>\n<meta name=\"robots\" content=\"noindex, follow, max-snippet:-1, max-image-preview:large, max-video-preview:-1\" \/>\n<meta property=\"og:locale\" content=\"fr_FR\" \/>\n<meta property=\"og:type\" content=\"article\" \/>\n<meta property=\"og:title\" content=\"Zone d&#039;enfants | Centre Dentaire Pur | Pointe-Claire\" \/>\n<meta property=\"og:description\" content=\"Nous comprenons qu\u2019un rendez-vous chez le dentiste n\u2019est pas super attirant, mais notre Zone D\u2019Enfants permet \u00e0 vos petits de s\u2019amuser avant leur examen.\" \/>\n<meta property=\"og:url\" content=\"https:\/\/vfnn6z3x222.c.updraftclone.com\/fr\/zone-denfants\/\" \/>\n<meta property=\"og:site_name\" content=\"Pur Dental Center\" \/>\n<meta property=\"article:modified_time\" content=\"2024-12-17T10:21:58+00:00\" \/>\n<meta property=\"og:image\" content=\"https:\/\/vfnn6z3x222.c.updraftclone.com\/wp-content\/uploads\/2018\/11\/kidz-zone-1024x418.png\" \/>\n\t<meta property=\"og:image:width\" content=\"1024\" \/>\n\t<meta property=\"og:image:height\" content=\"418\" \/>\n\t<meta property=\"og:image:type\" content=\"image\/png\" \/>\n<meta name=\"twitter:card\" content=\"summary_large_image\" \/>\n<meta name=\"twitter:label1\" content=\"Est. reading time\" \/>\n\t<meta name=\"twitter:data1\" content=\"1 minute\" \/>\n<script type=\"application\/ld+json\" class=\"yoast-schema-graph\">{\"@context\":\"https:\\\/\\\/schema.org\",\"@graph\":[{\"@type\":\"WebPage\",\"@id\":\"https:\\\/\\\/vfnn6z3x222.c.updraftclone.com\\\/fr\\\/zone-denfants\\\/\",\"url\":\"https:\\\/\\\/vfnn6z3x222.c.updraftclone.com\\\/fr\\\/zone-denfants\\\/\",\"name\":\"Zone d&#039;enfants | Centre Dentaire Pur | Pointe-Claire\",\"isPartOf\":{\"@id\":\"https:\\\/\\\/vfnn6z3x222.c.updraftclone.com\\\/#website\"},\"primaryImageOfPage\":{\"@id\":\"https:\\\/\\\/vfnn6z3x222.c.updraftclone.com\\\/fr\\\/zone-denfants\\\/#primaryimage\"},\"image\":{\"@id\":\"https:\\\/\\\/vfnn6z3x222.c.updraftclone.com\\\/fr\\\/zone-denfants\\\/#primaryimage\"},\"thumbnailUrl\":\"https:\\\/\\\/purdental.wpenginepowered.com\\\/wp-content\\\/uploads\\\/2018\\\/11\\\/kidz-zone-1024x418.png\",\"datePublished\":\"2018-10-29T15:59:11+00:00\",\"dateModified\":\"2024-12-17T10:21:58+00:00\",\"description\":\"Nous comprenons qu\u2019un rendez-vous chez le dentiste n\u2019est pas super attirant, mais notre Zone D\u2019Enfants permet \u00e0 vos petits de s\u2019amuser avant leur examen.\",\"breadcrumb\":{\"@id\":\"https:\\\/\\\/vfnn6z3x222.c.updraftclone.com\\\/fr\\\/zone-denfants\\\/#breadcrumb\"},\"inLanguage\":\"fr-FR\",\"potentialAction\":[{\"@type\":\"ReadAction\",\"target\":[\"https:\\\/\\\/vfnn6z3x222.c.updraftclone.com\\\/fr\\\/zone-denfants\\\/\"]}]},{\"@type\":\"ImageObject\",\"inLanguage\":\"fr-FR\",\"@id\":\"https:\\\/\\\/vfnn6z3x222.c.updraftclone.com\\\/fr\\\/zone-denfants\\\/#primaryimage\",\"url\":\"https:\\\/\\\/purdental.wpenginepowered.com\\\/wp-content\\\/uploads\\\/2018\\\/11\\\/kidz-zone-1024x418.png\",\"contentUrl\":\"https:\\\/\\\/purdental.wpenginepowered.com\\\/wp-content\\\/uploads\\\/2018\\\/11\\\/kidz-zone-1024x418.png\"},{\"@type\":\"BreadcrumbList\",\"@id\":\"https:\\\/\\\/vfnn6z3x222.c.updraftclone.com\\\/fr\\\/zone-denfants\\\/#breadcrumb\",\"itemListElement\":[{\"@type\":\"ListItem\",\"position\":1,\"name\":\"Home\",\"item\":\"https:\\\/\\\/vfnn6z3x222.c.updraftclone.com\\\/fr\\\/\"},{\"@type\":\"ListItem\",\"position\":2,\"name\":\"Zone d&#8217;enfants\"}]},{\"@type\":\"WebSite\",\"@id\":\"https:\\\/\\\/vfnn6z3x222.c.updraftclone.com\\\/#website\",\"url\":\"https:\\\/\\\/vfnn6z3x222.c.updraftclone.com\\\/\",\"name\":\"Pur Dental Center\",\"description\":\"Your Montreal Dentists\",\"potentialAction\":[{\"@type\":\"SearchAction\",\"target\":{\"@type\":\"EntryPoint\",\"urlTemplate\":\"https:\\\/\\\/vfnn6z3x222.c.updraftclone.com\\\/?s={search_term_string}\"},\"query-input\":{\"@type\":\"PropertyValueSpecification\",\"valueRequired\":true,\"valueName\":\"search_term_string\"}}],\"inLanguage\":\"fr-FR\"}]}<\/script>\n<!-- \/ Yoast SEO plugin. -->","yoast_head_json":{"title":"Zone d&#039;enfants | Centre Dentaire Pur | Pointe-Claire","description":"Nous comprenons qu\u2019un rendez-vous chez le dentiste n\u2019est pas super attirant, mais notre Zone D\u2019Enfants permet \u00e0 vos petits de s\u2019amuser avant leur examen.","robots":{"index":"noindex","follow":"follow","max-snippet":"max-snippet:-1","max-image-preview":"max-image-preview:large","max-video-preview":"max-video-preview:-1"},"og_locale":"fr_FR","og_type":"article","og_title":"Zone d&#039;enfants | Centre Dentaire Pur | Pointe-Claire","og_description":"Nous comprenons qu\u2019un rendez-vous chez le dentiste n\u2019est pas super attirant, mais notre Zone D\u2019Enfants permet \u00e0 vos petits de s\u2019amuser avant leur examen.","og_url":"https:\/\/vfnn6z3x222.c.updraftclone.com\/fr\/zone-denfants\/","og_site_name":"Pur Dental Center","article_modified_time":"2024-12-17T10:21:58+00:00","og_image":[{"width":1024,"height":418,"url":"https:\/\/vfnn6z3x222.c.updraftclone.com\/wp-content\/uploads\/2018\/11\/kidz-zone-1024x418.png","type":"image\/png"}],"twitter_card":"summary_large_image","twitter_misc":{"Est. reading time":"1 minute"},"schema":{"@context":"https:\/\/schema.org","@graph":[{"@type":"WebPage","@id":"https:\/\/vfnn6z3x222.c.updraftclone.com\/fr\/zone-denfants\/","url":"https:\/\/vfnn6z3x222.c.updraftclone.com\/fr\/zone-denfants\/","name":"Zone d&#039;enfants | Centre Dentaire Pur | Pointe-Claire","isPartOf":{"@id":"https:\/\/vfnn6z3x222.c.updraftclone.com\/#website"},"primaryImageOfPage":{"@id":"https:\/\/vfnn6z3x222.c.updraftclone.com\/fr\/zone-denfants\/#primaryimage"},"image":{"@id":"https:\/\/vfnn6z3x222.c.updraftclone.com\/fr\/zone-denfants\/#primaryimage"},"thumbnailUrl":"https:\/\/purdental.wpenginepowered.com\/wp-content\/uploads\/2018\/11\/kidz-zone-1024x418.png","datePublished":"2018-10-29T15:59:11+00:00","dateModified":"2024-12-17T10:21:58+00:00","description":"Nous comprenons qu\u2019un rendez-vous chez le dentiste n\u2019est pas super attirant, mais notre Zone D\u2019Enfants permet \u00e0 vos petits de s\u2019amuser avant leur examen.","breadcrumb":{"@id":"https:\/\/vfnn6z3x222.c.updraftclone.com\/fr\/zone-denfants\/#breadcrumb"},"inLanguage":"fr-FR","potentialAction":[{"@type":"ReadAction","target":["https:\/\/vfnn6z3x222.c.updraftclone.com\/fr\/zone-denfants\/"]}]},{"@type":"ImageObject","inLanguage":"fr-FR","@id":"https:\/\/vfnn6z3x222.c.updraftclone.com\/fr\/zone-denfants\/#primaryimage","url":"https:\/\/purdental.wpenginepowered.com\/wp-content\/uploads\/2018\/11\/kidz-zone-1024x418.png","contentUrl":"https:\/\/purdental.wpenginepowered.com\/wp-content\/uploads\/2018\/11\/kidz-zone-1024x418.png"},{"@type":"BreadcrumbList","@id":"https:\/\/vfnn6z3x222.c.updraftclone.com\/fr\/zone-denfants\/#breadcrumb","itemListElement":[{"@type":"ListItem","position":1,"name":"Home","item":"https:\/\/vfnn6z3x222.c.updraftclone.com\/fr\/"},{"@type":"ListItem","position":2,"name":"Zone d&#8217;enfants"}]},{"@type":"WebSite","@id":"https:\/\/vfnn6z3x222.c.updraftclone.com\/#website","url":"https:\/\/vfnn6z3x222.c.updraftclone.com\/","name":"Pur Dental Center","description":"Your Montreal Dentists","potentialAction":[{"@type":"SearchAction","target":{"@type":"EntryPoint","urlTemplate":"https:\/\/vfnn6z3x222.c.updraftclone.com\/?s={search_term_string}"},"query-input":{"@type":"PropertyValueSpecification","valueRequired":true,"valueName":"search_term_string"}}],"inLanguage":"fr-FR"}]}},"_links":{"self":[{"href":"https:\/\/vfnn6z3x222.c.updraftclone.com\/fr\/wp-json\/wp\/v2\/pages\/1631"}],"collection":[{"href":"https:\/\/vfnn6z3x222.c.updraftclone.com\/fr\/wp-json\/wp\/v2\/pages"}],"about":[{"href":"https:\/\/vfnn6z3x222.c.updraftclone.com\/fr\/wp-json\/wp\/v2\/types\/page"}],"author":[{"embeddable":true,"href":"https:\/\/vfnn6z3x222.c.updraftclone.com\/fr\/wp-json\/wp\/v2\/users\/107"}],"replies":[{"embeddable":true,"href":"https:\/\/vfnn6z3x222.c.updraftclone.com\/fr\/wp-json\/wp\/v2\/comments?post=1631"}],"version-history":[{"count":2,"href":"https:\/\/vfnn6z3x222.c.updraftclone.com\/fr\/wp-json\/wp\/v2\/pages\/1631\/revisions"}],"predecessor-version":[{"id":2090,"href":"https:\/\/vfnn6z3x222.c.updraftclone.com\/fr\/wp-json\/wp\/v2\/pages\/1631\/revisions\/2090"}],"wp:attachment":[{"href":"https:\/\/vfnn6z3x222.c.updraftclone.com\/fr\/wp-json\/wp\/v2\/media?parent=1631"}],"curies":[{"name":"wp","href":"https:\/\/api.w.org\/{rel}","templated":true}]}}