{"id":1646,"date":"2017-06-08T18:24:09","date_gmt":"2017-06-08T18:24:09","guid":{"rendered":"https:\/\/purdental.wpenginepowered.com\/?page_id=1646"},"modified":"2024-12-17T10:26:33","modified_gmt":"2024-12-17T10:26:33","slug":"notre-equipe","status":"publish","type":"page","link":"https:\/\/vfnn6z3x222.c.updraftclone.com\/fr\/notre-equipe\/","title":{"rendered":"Notre \u00c9quipe"},"content":{"rendered":"<h2>Notre plus grande richesse est notre \u00e9quipe<\/h2>\n<p>Nos assistant(e)s et hygi\u00e9nistes dentaires sont des professionnels formidables, sympathiques et attentionn\u00e9s qui adorent leur travail. Tous sont motiv\u00e9s \u00e0 fournir des soins de la plus haute qualit\u00e9 dans le souci d\u2019assurer les meilleurs r\u00e9sultats \u00e0 nos patients.<\/p>\n","protected":false},"excerpt":{"rendered":"<p>Notre plus grande richesse est notre \u00e9quipe Nos assistant(e)s et hygi\u00e9nistes dentaires sont des professionnels formidables, sympathiques et attentionn\u00e9s qui [&hellip;]<\/p>\n","protected":false},"author":107,"featured_media":0,"parent":0,"menu_order":0,"comment_status":"closed","ping_status":"closed","template":"","meta":{"_acf_changed":false,"_genesis_hide_title":false,"_genesis_hide_breadcrumbs":false,"_genesis_hide_singular_image":false,"_genesis_hide_footer_widgets":false,"_genesis_custom_body_class":"our-team","_genesis_custom_post_class":"","_genesis_layout":"","footnotes":""},"class_list":{"0":"post-1646","1":"page","2":"type-page","3":"status-publish","5":"entry"},"acf":[],"yoast_head":"<!-- This site is optimized with the Yoast SEO plugin v27.4 - https:\/\/yoast.com\/product\/yoast-seo-wordpress\/ -->\n<title>Notre \u00e9quipe | Centre Dentaire Pur<\/title>\n<meta name=\"description\" content=\"Chez Pur, nos assistant(e)s et hygi\u00e9nistes dentaires sont des professionnels formidables, sympathiques et attentionn\u00e9s qui adorent leur travail.\" \/>\n<meta name=\"robots\" content=\"noindex, follow, max-snippet:-1, max-image-preview:large, max-video-preview:-1\" \/>\n<meta property=\"og:locale\" content=\"fr_FR\" \/>\n<meta property=\"og:type\" content=\"article\" \/>\n<meta property=\"og:title\" content=\"Notre \u00e9quipe | Centre Dentaire Pur\" \/>\n<meta property=\"og:description\" content=\"Chez Pur, nos assistant(e)s et hygi\u00e9nistes dentaires sont des professionnels formidables, sympathiques et attentionn\u00e9s qui adorent leur travail.\" \/>\n<meta property=\"og:url\" content=\"https:\/\/vfnn6z3x222.c.updraftclone.com\/fr\/notre-equipe\/\" \/>\n<meta property=\"og:site_name\" content=\"Pur Dental Center\" \/>\n<meta property=\"article:modified_time\" content=\"2024-12-17T10:26:33+00:00\" \/>\n<meta name=\"twitter:card\" content=\"summary_large_image\" \/>\n<meta name=\"twitter:label1\" content=\"Est. reading time\" \/>\n\t<meta name=\"twitter:data1\" content=\"1 minute\" \/>\n<script type=\"application\/ld+json\" class=\"yoast-schema-graph\">{\"@context\":\"https:\\\/\\\/schema.org\",\"@graph\":[{\"@type\":\"WebPage\",\"@id\":\"https:\\\/\\\/vfnn6z3x222.c.updraftclone.com\\\/fr\\\/notre-equipe\\\/\",\"url\":\"https:\\\/\\\/vfnn6z3x222.c.updraftclone.com\\\/fr\\\/notre-equipe\\\/\",\"name\":\"Notre \u00e9quipe | Centre Dentaire Pur\",\"isPartOf\":{\"@id\":\"https:\\\/\\\/vfnn6z3x222.c.updraftclone.com\\\/#website\"},\"datePublished\":\"2017-06-08T18:24:09+00:00\",\"dateModified\":\"2024-12-17T10:26:33+00:00\",\"description\":\"Chez Pur, nos assistant(e)s et hygi\u00e9nistes dentaires sont des professionnels formidables, sympathiques et attentionn\u00e9s qui adorent leur travail.\",\"breadcrumb\":{\"@id\":\"https:\\\/\\\/vfnn6z3x222.c.updraftclone.com\\\/fr\\\/notre-equipe\\\/#breadcrumb\"},\"inLanguage\":\"fr-FR\",\"potentialAction\":[{\"@type\":\"ReadAction\",\"target\":[\"https:\\\/\\\/vfnn6z3x222.c.updraftclone.com\\\/fr\\\/notre-equipe\\\/\"]}]},{\"@type\":\"BreadcrumbList\",\"@id\":\"https:\\\/\\\/vfnn6z3x222.c.updraftclone.com\\\/fr\\\/notre-equipe\\\/#breadcrumb\",\"itemListElement\":[{\"@type\":\"ListItem\",\"position\":1,\"name\":\"Home\",\"item\":\"https:\\\/\\\/vfnn6z3x222.c.updraftclone.com\\\/fr\\\/\"},{\"@type\":\"ListItem\",\"position\":2,\"name\":\"Notre \u00c9quipe\"}]},{\"@type\":\"WebSite\",\"@id\":\"https:\\\/\\\/vfnn6z3x222.c.updraftclone.com\\\/#website\",\"url\":\"https:\\\/\\\/vfnn6z3x222.c.updraftclone.com\\\/\",\"name\":\"Pur Dental Center\",\"description\":\"Your Montreal Dentists\",\"potentialAction\":[{\"@type\":\"SearchAction\",\"target\":{\"@type\":\"EntryPoint\",\"urlTemplate\":\"https:\\\/\\\/vfnn6z3x222.c.updraftclone.com\\\/?s={search_term_string}\"},\"query-input\":{\"@type\":\"PropertyValueSpecification\",\"valueRequired\":true,\"valueName\":\"search_term_string\"}}],\"inLanguage\":\"fr-FR\"}]}<\/script>\n<!-- \/ Yoast SEO plugin. -->","yoast_head_json":{"title":"Notre \u00e9quipe | Centre Dentaire Pur","description":"Chez Pur, nos assistant(e)s et hygi\u00e9nistes dentaires sont des professionnels formidables, sympathiques et attentionn\u00e9s qui adorent leur travail.","robots":{"index":"noindex","follow":"follow","max-snippet":"max-snippet:-1","max-image-preview":"max-image-preview:large","max-video-preview":"max-video-preview:-1"},"og_locale":"fr_FR","og_type":"article","og_title":"Notre \u00e9quipe | Centre Dentaire Pur","og_description":"Chez Pur, nos assistant(e)s et hygi\u00e9nistes dentaires sont des professionnels formidables, sympathiques et attentionn\u00e9s qui adorent leur travail.","og_url":"https:\/\/vfnn6z3x222.c.updraftclone.com\/fr\/notre-equipe\/","og_site_name":"Pur Dental Center","article_modified_time":"2024-12-17T10:26:33+00:00","twitter_card":"summary_large_image","twitter_misc":{"Est. reading time":"1 minute"},"schema":{"@context":"https:\/\/schema.org","@graph":[{"@type":"WebPage","@id":"https:\/\/vfnn6z3x222.c.updraftclone.com\/fr\/notre-equipe\/","url":"https:\/\/vfnn6z3x222.c.updraftclone.com\/fr\/notre-equipe\/","name":"Notre \u00e9quipe | Centre Dentaire Pur","isPartOf":{"@id":"https:\/\/vfnn6z3x222.c.updraftclone.com\/#website"},"datePublished":"2017-06-08T18:24:09+00:00","dateModified":"2024-12-17T10:26:33+00:00","description":"Chez Pur, nos assistant(e)s et hygi\u00e9nistes dentaires sont des professionnels formidables, sympathiques et attentionn\u00e9s qui adorent leur travail.","breadcrumb":{"@id":"https:\/\/vfnn6z3x222.c.updraftclone.com\/fr\/notre-equipe\/#breadcrumb"},"inLanguage":"fr-FR","potentialAction":[{"@type":"ReadAction","target":["https:\/\/vfnn6z3x222.c.updraftclone.com\/fr\/notre-equipe\/"]}]},{"@type":"BreadcrumbList","@id":"https:\/\/vfnn6z3x222.c.updraftclone.com\/fr\/notre-equipe\/#breadcrumb","itemListElement":[{"@type":"ListItem","position":1,"name":"Home","item":"https:\/\/vfnn6z3x222.c.updraftclone.com\/fr\/"},{"@type":"ListItem","position":2,"name":"Notre \u00c9quipe"}]},{"@type":"WebSite","@id":"https:\/\/vfnn6z3x222.c.updraftclone.com\/#website","url":"https:\/\/vfnn6z3x222.c.updraftclone.com\/","name":"Pur Dental Center","description":"Your Montreal Dentists","potentialAction":[{"@type":"SearchAction","target":{"@type":"EntryPoint","urlTemplate":"https:\/\/vfnn6z3x222.c.updraftclone.com\/?s={search_term_string}"},"query-input":{"@type":"PropertyValueSpecification","valueRequired":true,"valueName":"search_term_string"}}],"inLanguage":"fr-FR"}]}},"_links":{"self":[{"href":"https:\/\/vfnn6z3x222.c.updraftclone.com\/fr\/wp-json\/wp\/v2\/pages\/1646"}],"collection":[{"href":"https:\/\/vfnn6z3x222.c.updraftclone.com\/fr\/wp-json\/wp\/v2\/pages"}],"about":[{"href":"https:\/\/vfnn6z3x222.c.updraftclone.com\/fr\/wp-json\/wp\/v2\/types\/page"}],"author":[{"embeddable":true,"href":"https:\/\/vfnn6z3x222.c.updraftclone.com\/fr\/wp-json\/wp\/v2\/users\/107"}],"replies":[{"embeddable":true,"href":"https:\/\/vfnn6z3x222.c.updraftclone.com\/fr\/wp-json\/wp\/v2\/comments?post=1646"}],"version-history":[{"count":2,"href":"https:\/\/vfnn6z3x222.c.updraftclone.com\/fr\/wp-json\/wp\/v2\/pages\/1646\/revisions"}],"predecessor-version":[{"id":2086,"href":"https:\/\/vfnn6z3x222.c.updraftclone.com\/fr\/wp-json\/wp\/v2\/pages\/1646\/revisions\/2086"}],"wp:attachment":[{"href":"https:\/\/vfnn6z3x222.c.updraftclone.com\/fr\/wp-json\/wp\/v2\/media?parent=1646"}],"curies":[{"name":"wp","href":"https:\/\/api.w.org\/{rel}","templated":true}]}}