{"id":1649,"date":"2017-06-08T18:22:29","date_gmt":"2017-06-08T18:22:29","guid":{"rendered":"https:\/\/purdental.wpenginepowered.com\/?page_id=1649"},"modified":"2024-12-17T10:26:06","modified_gmt":"2024-12-17T10:26:06","slug":"nos-dentistes","status":"publish","type":"page","link":"https:\/\/vfnn6z3x222.c.updraftclone.com\/fr\/nos-dentistes\/","title":{"rendered":"NOS DENTISTES"},"content":{"rendered":"<div class=\"dentist-wrapper\">\n<div class=\"left\"><img decoding=\"async\" src=\"\/wp-content\/uploads\/2017\/05\/Pointe-Claire-dentiste-dr-ghassan-el-onsi.png\" \/><\/div>\n<div class=\"right\">\n<h2>Dr Ghassan El-Onsi<\/h2>\n<p>Le Dr Ghassan El-Onsi a amorc\u00e9 son parcours \u00e9ducatif \u00e0 l&#8217;Universit\u00e9 McGill, d&#8217;o\u00f9 il est dipl\u00f4m\u00e9 en microbiologie et en immunologie. Il entreprend par la suite des \u00e9tudes en soins dentaires \u00e0 l&#8217;Universit\u00e9 du Michigan, qui le m\u00e8neront en 1998 \u00e0 un doctorat en chirurgie dentaire de l&#8217;Universit\u00e9 McGill. Il d\u00e9cide alors de poursuivre sa formation postdoctorale \u00e0 l&#8217;H\u00f4pital g\u00e9n\u00e9ral de Montr\u00e9al, o\u00f9 il fera sa r\u00e9sidence en pratique g\u00e9n\u00e9rale. Sa passion pour l&#8217;enseignement de l&#8217;art dentaire ne l&#8217;a jamais quitt\u00e9. Depuis 1999, Le Dr El-Onsi enseigne \u00e0 divers titres aux \u00e9tudiants des programmes de baccalaur\u00e9at et de ma\u00eetrise de la facult\u00e9 de m\u00e9decine dentaire de l&#8217;Universit\u00e9 McGill.<\/p>\n<p>Le Dr El-Onsi est un praticien certifi\u00e9 Invisalign <sup>MD<\/sup> et un dipl\u00f4m\u00e9 du prestigieux Misch International Implant Institute, o\u00f9 il a effectu\u00e9 de nombreuses greffes osseuses et de tissus mous dans le cadre de courtes r\u00e9sidences. Il a de plus obtenu la certification de Fellow de l&#8217;International Congress of Oral Implantologists (ICOI) et de l&#8217;Academy of General Dentistry (AGD).<\/p>\n<p>Sa pratique est surtout orient\u00e9e vers les chirurgies buccales mineures, notamment l&#8217;extraction de dents de sagesse et la pose d&#8217;implants dentaires. Il d\u00e9tient une certification en s\u00e9dation au protoxyde d&#8217;azote et en s\u00e9dation par voie orale de l&#8217;Universit\u00e9 de Toronto, ainsi qu&#8217;une certification en s\u00e9dation par voie intraveineuse du Toronto Implant Institute, ce qui lui permet d&#8217;offrir \u00e0 ses patients diverses options de s\u00e9dation lors d&#8217;une intervention chirurgicale.<\/p>\n<p>Le Dr El-Onsi est reconnu, tant pour l&#8217;excellence de ses travaux dentaires, que pour son habilet\u00e9 \u00e0 calmer avec humour l&#8217;anxi\u00e9t\u00e9 des patients et \u00e0 rendre leur exp\u00e9rience plus agr\u00e9able. Sur le plan personnel, il adore jouer au soccer et a m\u00eame \u00e9t\u00e9 l&#8217;entra\u00eeneur de plusieurs \u00e9quipes qui ont remport\u00e9 de belles victoires.<\/p>\n<\/div>\n<\/div>\n<div class=\"dentist-wrapper\">\n<div class=\"left\"><img decoding=\"async\" src=\"\/wp-content\/uploads\/2017\/05\/Pointe-Claire-dentiste-dr-camil-rafla.png\" \/><\/div>\n<div class=\"right\">\n<h2>Dr Camil Rafla<\/h2>\n<p>Le Dr Camil Rafla est dipl\u00f4m\u00e9 de la facult\u00e9 de m\u00e9decine dentaire de l&#8217;Universit\u00e9 Alexandria.<\/p>\n<p>En 1996, il obtient sa certification du Bureau national d&#8217;examen dentaire du Canada, et depuis, pratique au Qu\u00e9bec. Il est membre de l&#8217;Ordre des dentistes du Qu\u00e9bec (ODQ), de l&#8217;Association des chirurgiens dentistes du Qu\u00e9bec (ACDQ), de l&#8217;Association dentaire canadienne et de la Soci\u00e9t\u00e9 dentaire de Laval.<\/p>\n<p>Afin de parfaire ses connaissances, le Dr Rafla a entrepris par la suite des \u00e9tudes postuniversitaires en dentisterie restauratrice \u00e0 l&#8217;Universit\u00e9 de Western Ontario. Dans le cadre de son cursus, il a \u00e9galement obtenu une formation th\u00e9orique et pratique en laser dentaire \u00e0 l&#8217;Institute for Advanced Laser Dentistry (IALD).<\/p>\n<p>Sa pratique couvre un large \u00e9ventail de services, dont la dentisterie g\u00e9n\u00e9rale, les traitements parodontaux (gencives), la prosthodontie (couronnes, ponts, incrustations et incrustations avec recouvrement), les suivis pr\u00e9ventifs, ainsi que les soins dentaires esth\u00e9tiques et de restauration (facettes et blanchiment des dents). Le Dr Rafla est \u00ab l&#8217;atout trilingue \u00bb de notre \u00e9quipe : il parle couramment le fran\u00e7ais, l&#8217;anglais et l&#8217;arabe. Il est tr\u00e8s appr\u00e9ci\u00e9 des enfants et des patients craintifs auxquels il porte une attention particuli\u00e8re.<\/p>\n<\/div>\n<\/div>\n","protected":false},"excerpt":{"rendered":"<p>Dr Ghassan El-Onsi Le Dr Ghassan El-Onsi a amorc\u00e9 son parcours \u00e9ducatif \u00e0 l&#8217;Universit\u00e9 McGill, d&#8217;o\u00f9 il est dipl\u00f4m\u00e9 en [&hellip;]<\/p>\n","protected":false},"author":107,"featured_media":0,"parent":0,"menu_order":0,"comment_status":"closed","ping_status":"closed","template":"","meta":{"_acf_changed":false,"_genesis_hide_title":false,"_genesis_hide_breadcrumbs":false,"_genesis_hide_singular_image":false,"_genesis_hide_footer_widgets":false,"_genesis_custom_body_class":"","_genesis_custom_post_class":"","_genesis_layout":"","footnotes":""},"class_list":{"0":"post-1649","1":"page","2":"type-page","3":"status-publish","5":"entry"},"acf":[],"yoast_head":"<!-- This site is optimized with the Yoast SEO plugin v27.4 - https:\/\/yoast.com\/product\/yoast-seo-wordpress\/ -->\n<title>Nos dentistes | Centre Dentaire Pur<\/title>\n<meta name=\"description\" content=\"Recontrez notre \u00e9quipe de dentistes qui offrent une multitude de services (implants, blanchiment des dents, et plus!)\" \/>\n<meta name=\"robots\" content=\"noindex, follow, max-snippet:-1, max-image-preview:large, max-video-preview:-1\" \/>\n<meta property=\"og:locale\" content=\"fr_FR\" \/>\n<meta property=\"og:type\" content=\"article\" \/>\n<meta property=\"og:title\" content=\"Nos dentistes | Centre Dentaire Pur\" \/>\n<meta property=\"og:description\" content=\"Recontrez notre \u00e9quipe de dentistes qui offrent une multitude de services (implants, blanchiment des dents, et plus!)\" \/>\n<meta property=\"og:url\" content=\"https:\/\/vfnn6z3x222.c.updraftclone.com\/fr\/nos-dentistes\/\" \/>\n<meta property=\"og:site_name\" content=\"Pur Dental Center\" \/>\n<meta property=\"article:modified_time\" content=\"2024-12-17T10:26:06+00:00\" \/>\n<meta name=\"twitter:card\" content=\"summary_large_image\" \/>\n<meta name=\"twitter:label1\" content=\"Est. reading time\" \/>\n\t<meta name=\"twitter:data1\" content=\"3 minutes\" \/>\n<script type=\"application\/ld+json\" class=\"yoast-schema-graph\">{\"@context\":\"https:\\\/\\\/schema.org\",\"@graph\":[{\"@type\":\"WebPage\",\"@id\":\"https:\\\/\\\/vfnn6z3x222.c.updraftclone.com\\\/fr\\\/nos-dentistes\\\/\",\"url\":\"https:\\\/\\\/vfnn6z3x222.c.updraftclone.com\\\/fr\\\/nos-dentistes\\\/\",\"name\":\"Nos dentistes | Centre Dentaire Pur\",\"isPartOf\":{\"@id\":\"https:\\\/\\\/vfnn6z3x222.c.updraftclone.com\\\/#website\"},\"datePublished\":\"2017-06-08T18:22:29+00:00\",\"dateModified\":\"2024-12-17T10:26:06+00:00\",\"description\":\"Recontrez notre \u00e9quipe de dentistes qui offrent une multitude de services (implants, blanchiment des dents, et plus!)\",\"breadcrumb\":{\"@id\":\"https:\\\/\\\/vfnn6z3x222.c.updraftclone.com\\\/fr\\\/nos-dentistes\\\/#breadcrumb\"},\"inLanguage\":\"fr-FR\",\"potentialAction\":[{\"@type\":\"ReadAction\",\"target\":[\"https:\\\/\\\/vfnn6z3x222.c.updraftclone.com\\\/fr\\\/nos-dentistes\\\/\"]}]},{\"@type\":\"BreadcrumbList\",\"@id\":\"https:\\\/\\\/vfnn6z3x222.c.updraftclone.com\\\/fr\\\/nos-dentistes\\\/#breadcrumb\",\"itemListElement\":[{\"@type\":\"ListItem\",\"position\":1,\"name\":\"Home\",\"item\":\"https:\\\/\\\/vfnn6z3x222.c.updraftclone.com\\\/fr\\\/\"},{\"@type\":\"ListItem\",\"position\":2,\"name\":\"NOS DENTISTES\"}]},{\"@type\":\"WebSite\",\"@id\":\"https:\\\/\\\/vfnn6z3x222.c.updraftclone.com\\\/#website\",\"url\":\"https:\\\/\\\/vfnn6z3x222.c.updraftclone.com\\\/\",\"name\":\"Pur Dental Center\",\"description\":\"Your Montreal Dentists\",\"potentialAction\":[{\"@type\":\"SearchAction\",\"target\":{\"@type\":\"EntryPoint\",\"urlTemplate\":\"https:\\\/\\\/vfnn6z3x222.c.updraftclone.com\\\/?s={search_term_string}\"},\"query-input\":{\"@type\":\"PropertyValueSpecification\",\"valueRequired\":true,\"valueName\":\"search_term_string\"}}],\"inLanguage\":\"fr-FR\"}]}<\/script>\n<!-- \/ Yoast SEO plugin. -->","yoast_head_json":{"title":"Nos dentistes | Centre Dentaire Pur","description":"Recontrez notre \u00e9quipe de dentistes qui offrent une multitude de services (implants, blanchiment des dents, et plus!)","robots":{"index":"noindex","follow":"follow","max-snippet":"max-snippet:-1","max-image-preview":"max-image-preview:large","max-video-preview":"max-video-preview:-1"},"og_locale":"fr_FR","og_type":"article","og_title":"Nos dentistes | Centre Dentaire Pur","og_description":"Recontrez notre \u00e9quipe de dentistes qui offrent une multitude de services (implants, blanchiment des dents, et plus!)","og_url":"https:\/\/vfnn6z3x222.c.updraftclone.com\/fr\/nos-dentistes\/","og_site_name":"Pur Dental Center","article_modified_time":"2024-12-17T10:26:06+00:00","twitter_card":"summary_large_image","twitter_misc":{"Est. reading time":"3 minutes"},"schema":{"@context":"https:\/\/schema.org","@graph":[{"@type":"WebPage","@id":"https:\/\/vfnn6z3x222.c.updraftclone.com\/fr\/nos-dentistes\/","url":"https:\/\/vfnn6z3x222.c.updraftclone.com\/fr\/nos-dentistes\/","name":"Nos dentistes | Centre Dentaire Pur","isPartOf":{"@id":"https:\/\/vfnn6z3x222.c.updraftclone.com\/#website"},"datePublished":"2017-06-08T18:22:29+00:00","dateModified":"2024-12-17T10:26:06+00:00","description":"Recontrez notre \u00e9quipe de dentistes qui offrent une multitude de services (implants, blanchiment des dents, et plus!)","breadcrumb":{"@id":"https:\/\/vfnn6z3x222.c.updraftclone.com\/fr\/nos-dentistes\/#breadcrumb"},"inLanguage":"fr-FR","potentialAction":[{"@type":"ReadAction","target":["https:\/\/vfnn6z3x222.c.updraftclone.com\/fr\/nos-dentistes\/"]}]},{"@type":"BreadcrumbList","@id":"https:\/\/vfnn6z3x222.c.updraftclone.com\/fr\/nos-dentistes\/#breadcrumb","itemListElement":[{"@type":"ListItem","position":1,"name":"Home","item":"https:\/\/vfnn6z3x222.c.updraftclone.com\/fr\/"},{"@type":"ListItem","position":2,"name":"NOS DENTISTES"}]},{"@type":"WebSite","@id":"https:\/\/vfnn6z3x222.c.updraftclone.com\/#website","url":"https:\/\/vfnn6z3x222.c.updraftclone.com\/","name":"Pur Dental Center","description":"Your Montreal Dentists","potentialAction":[{"@type":"SearchAction","target":{"@type":"EntryPoint","urlTemplate":"https:\/\/vfnn6z3x222.c.updraftclone.com\/?s={search_term_string}"},"query-input":{"@type":"PropertyValueSpecification","valueRequired":true,"valueName":"search_term_string"}}],"inLanguage":"fr-FR"}]}},"_links":{"self":[{"href":"https:\/\/vfnn6z3x222.c.updraftclone.com\/fr\/wp-json\/wp\/v2\/pages\/1649"}],"collection":[{"href":"https:\/\/vfnn6z3x222.c.updraftclone.com\/fr\/wp-json\/wp\/v2\/pages"}],"about":[{"href":"https:\/\/vfnn6z3x222.c.updraftclone.com\/fr\/wp-json\/wp\/v2\/types\/page"}],"author":[{"embeddable":true,"href":"https:\/\/vfnn6z3x222.c.updraftclone.com\/fr\/wp-json\/wp\/v2\/users\/107"}],"replies":[{"embeddable":true,"href":"https:\/\/vfnn6z3x222.c.updraftclone.com\/fr\/wp-json\/wp\/v2\/comments?post=1649"}],"version-history":[{"count":1,"href":"https:\/\/vfnn6z3x222.c.updraftclone.com\/fr\/wp-json\/wp\/v2\/pages\/1649\/revisions"}],"predecessor-version":[{"id":2085,"href":"https:\/\/vfnn6z3x222.c.updraftclone.com\/fr\/wp-json\/wp\/v2\/pages\/1649\/revisions\/2085"}],"wp:attachment":[{"href":"https:\/\/vfnn6z3x222.c.updraftclone.com\/fr\/wp-json\/wp\/v2\/media?parent=1649"}],"curies":[{"name":"wp","href":"https:\/\/api.w.org\/{rel}","templated":true}]}}