{"id":1655,"date":"2017-05-31T17:52:53","date_gmt":"2017-05-31T17:52:53","guid":{"rendered":"https:\/\/purdental.wpenginepowered.com\/?page_id=1655"},"modified":"2024-12-17T10:25:21","modified_gmt":"2024-12-17T10:25:21","slug":"votre-premier-rendez-vous","status":"publish","type":"page","link":"https:\/\/vfnn6z3x222.c.updraftclone.com\/fr\/votre-premier-rendez-vous\/","title":{"rendered":"Votre premier rendez-vous"},"content":{"rendered":"<div class=\"tob-content\">\n<p class=\"orange fontsize-22\">S&#8217;il s&#8217;agit d&#8217;un examen dentaire, la dur\u00e9e du rendez-vous sera d&#8217;environ 90 minutes.<br \/>\nVoici ce \u00e0 quoi vous attendre :<\/p>\n<ul>\n<li>un examen dentaire complet<\/li>\n<li>les radiographies n\u00e9cessaires<\/li>\n<li>un nettoyage et un polissage<\/li>\n<li>une cartographie de vos dents \u2013 soit, un portrait global de vos plombages actuels et de vos conditions buccales, ainsi qu&#8217;une repr\u00e9sentation visuelle des soins \u00e0 effectuer<\/li>\n<li>une explication des traitements \u00e0 envisager<\/li>\n<\/ul>\n<p class=\"orange fontsize-22\">S&#8217;il s&#8217;agit d&#8217;une consultation pour un probl\u00e8me dentaire pr\u00e9cis, la dur\u00e9e du rendez-vous sera d&#8217;environ 60 minutes. Voici ce \u00e0 quoi vous attendre :<\/p>\n<ul>\n<li>un examen clinique et des radiographies, si n\u00e9cessaire<\/li>\n<li>un entretien pour discuter du probl\u00e8me et une explication des causes de la condition<\/li>\n<li>une explication des options de traitement et des risques et complications potentiels, la justification de traiter la condition et les cons\u00e9quences d&#8217;un non traitement<\/li>\n<li>le co\u00fbt de chaque option et le temps requis<\/li>\n<\/ul>\n<\/div>\n","protected":false},"excerpt":{"rendered":"<p>S&#8217;il s&#8217;agit d&#8217;un examen dentaire, la dur\u00e9e du rendez-vous sera d&#8217;environ 90 minutes. Voici ce \u00e0 quoi vous attendre : [&hellip;]<\/p>\n","protected":false},"author":107,"featured_media":0,"parent":0,"menu_order":0,"comment_status":"closed","ping_status":"closed","template":"","meta":{"_acf_changed":false,"_genesis_hide_title":false,"_genesis_hide_breadcrumbs":false,"_genesis_hide_singular_image":false,"_genesis_hide_footer_widgets":false,"_genesis_custom_body_class":"","_genesis_custom_post_class":"","_genesis_layout":"","footnotes":""},"class_list":{"0":"post-1655","1":"page","2":"type-page","3":"status-publish","5":"entry"},"acf":[],"yoast_head":"<!-- This site is optimized with the Yoast SEO plugin v27.4 - https:\/\/yoast.com\/product\/yoast-seo-wordpress\/ -->\n<title>Votre premier rendez-vous | Centre Dentaire Pur<\/title>\n<meta name=\"description\" content=\"Chez Pur \u00e0 Pointe-Claire, votre premier examen clinique dure une heure, nous permettant d\u2019\u00e9valuer minutieusement votre sant\u00e9 dentaire.\" \/>\n<meta name=\"robots\" content=\"noindex, follow, max-snippet:-1, max-image-preview:large, max-video-preview:-1\" \/>\n<meta property=\"og:locale\" content=\"fr_FR\" \/>\n<meta property=\"og:type\" content=\"article\" \/>\n<meta property=\"og:title\" content=\"Votre premier rendez-vous | Centre Dentaire Pur\" \/>\n<meta property=\"og:description\" content=\"Chez Pur \u00e0 Pointe-Claire, votre premier examen clinique dure une heure, nous permettant d\u2019\u00e9valuer minutieusement votre sant\u00e9 dentaire.\" \/>\n<meta property=\"og:url\" content=\"https:\/\/vfnn6z3x222.c.updraftclone.com\/fr\/votre-premier-rendez-vous\/\" \/>\n<meta property=\"og:site_name\" content=\"Pur Dental Center\" \/>\n<meta property=\"article:modified_time\" content=\"2024-12-17T10:25:21+00:00\" \/>\n<meta name=\"twitter:card\" content=\"summary_large_image\" \/>\n<meta name=\"twitter:label1\" content=\"Est. reading time\" \/>\n\t<meta name=\"twitter:data1\" content=\"1 minute\" \/>\n<script type=\"application\/ld+json\" class=\"yoast-schema-graph\">{\"@context\":\"https:\\\/\\\/schema.org\",\"@graph\":[{\"@type\":\"WebPage\",\"@id\":\"https:\\\/\\\/vfnn6z3x222.c.updraftclone.com\\\/fr\\\/votre-premier-rendez-vous\\\/\",\"url\":\"https:\\\/\\\/vfnn6z3x222.c.updraftclone.com\\\/fr\\\/votre-premier-rendez-vous\\\/\",\"name\":\"Votre premier rendez-vous | Centre Dentaire Pur\",\"isPartOf\":{\"@id\":\"https:\\\/\\\/vfnn6z3x222.c.updraftclone.com\\\/#website\"},\"datePublished\":\"2017-05-31T17:52:53+00:00\",\"dateModified\":\"2024-12-17T10:25:21+00:00\",\"description\":\"Chez Pur \u00e0 Pointe-Claire, votre premier examen clinique dure une heure, nous permettant d\u2019\u00e9valuer minutieusement votre sant\u00e9 dentaire.\",\"breadcrumb\":{\"@id\":\"https:\\\/\\\/vfnn6z3x222.c.updraftclone.com\\\/fr\\\/votre-premier-rendez-vous\\\/#breadcrumb\"},\"inLanguage\":\"fr-FR\",\"potentialAction\":[{\"@type\":\"ReadAction\",\"target\":[\"https:\\\/\\\/vfnn6z3x222.c.updraftclone.com\\\/fr\\\/votre-premier-rendez-vous\\\/\"]}]},{\"@type\":\"BreadcrumbList\",\"@id\":\"https:\\\/\\\/vfnn6z3x222.c.updraftclone.com\\\/fr\\\/votre-premier-rendez-vous\\\/#breadcrumb\",\"itemListElement\":[{\"@type\":\"ListItem\",\"position\":1,\"name\":\"Home\",\"item\":\"https:\\\/\\\/vfnn6z3x222.c.updraftclone.com\\\/fr\\\/\"},{\"@type\":\"ListItem\",\"position\":2,\"name\":\"Votre premier rendez-vous\"}]},{\"@type\":\"WebSite\",\"@id\":\"https:\\\/\\\/vfnn6z3x222.c.updraftclone.com\\\/#website\",\"url\":\"https:\\\/\\\/vfnn6z3x222.c.updraftclone.com\\\/\",\"name\":\"Pur Dental Center\",\"description\":\"Your Montreal Dentists\",\"potentialAction\":[{\"@type\":\"SearchAction\",\"target\":{\"@type\":\"EntryPoint\",\"urlTemplate\":\"https:\\\/\\\/vfnn6z3x222.c.updraftclone.com\\\/?s={search_term_string}\"},\"query-input\":{\"@type\":\"PropertyValueSpecification\",\"valueRequired\":true,\"valueName\":\"search_term_string\"}}],\"inLanguage\":\"fr-FR\"}]}<\/script>\n<!-- \/ Yoast SEO plugin. -->","yoast_head_json":{"title":"Votre premier rendez-vous | Centre Dentaire Pur","description":"Chez Pur \u00e0 Pointe-Claire, votre premier examen clinique dure une heure, nous permettant d\u2019\u00e9valuer minutieusement votre sant\u00e9 dentaire.","robots":{"index":"noindex","follow":"follow","max-snippet":"max-snippet:-1","max-image-preview":"max-image-preview:large","max-video-preview":"max-video-preview:-1"},"og_locale":"fr_FR","og_type":"article","og_title":"Votre premier rendez-vous | Centre Dentaire Pur","og_description":"Chez Pur \u00e0 Pointe-Claire, votre premier examen clinique dure une heure, nous permettant d\u2019\u00e9valuer minutieusement votre sant\u00e9 dentaire.","og_url":"https:\/\/vfnn6z3x222.c.updraftclone.com\/fr\/votre-premier-rendez-vous\/","og_site_name":"Pur Dental Center","article_modified_time":"2024-12-17T10:25:21+00:00","twitter_card":"summary_large_image","twitter_misc":{"Est. reading time":"1 minute"},"schema":{"@context":"https:\/\/schema.org","@graph":[{"@type":"WebPage","@id":"https:\/\/vfnn6z3x222.c.updraftclone.com\/fr\/votre-premier-rendez-vous\/","url":"https:\/\/vfnn6z3x222.c.updraftclone.com\/fr\/votre-premier-rendez-vous\/","name":"Votre premier rendez-vous | Centre Dentaire Pur","isPartOf":{"@id":"https:\/\/vfnn6z3x222.c.updraftclone.com\/#website"},"datePublished":"2017-05-31T17:52:53+00:00","dateModified":"2024-12-17T10:25:21+00:00","description":"Chez Pur \u00e0 Pointe-Claire, votre premier examen clinique dure une heure, nous permettant d\u2019\u00e9valuer minutieusement votre sant\u00e9 dentaire.","breadcrumb":{"@id":"https:\/\/vfnn6z3x222.c.updraftclone.com\/fr\/votre-premier-rendez-vous\/#breadcrumb"},"inLanguage":"fr-FR","potentialAction":[{"@type":"ReadAction","target":["https:\/\/vfnn6z3x222.c.updraftclone.com\/fr\/votre-premier-rendez-vous\/"]}]},{"@type":"BreadcrumbList","@id":"https:\/\/vfnn6z3x222.c.updraftclone.com\/fr\/votre-premier-rendez-vous\/#breadcrumb","itemListElement":[{"@type":"ListItem","position":1,"name":"Home","item":"https:\/\/vfnn6z3x222.c.updraftclone.com\/fr\/"},{"@type":"ListItem","position":2,"name":"Votre premier rendez-vous"}]},{"@type":"WebSite","@id":"https:\/\/vfnn6z3x222.c.updraftclone.com\/#website","url":"https:\/\/vfnn6z3x222.c.updraftclone.com\/","name":"Pur Dental Center","description":"Your Montreal Dentists","potentialAction":[{"@type":"SearchAction","target":{"@type":"EntryPoint","urlTemplate":"https:\/\/vfnn6z3x222.c.updraftclone.com\/?s={search_term_string}"},"query-input":{"@type":"PropertyValueSpecification","valueRequired":true,"valueName":"search_term_string"}}],"inLanguage":"fr-FR"}]}},"_links":{"self":[{"href":"https:\/\/vfnn6z3x222.c.updraftclone.com\/fr\/wp-json\/wp\/v2\/pages\/1655"}],"collection":[{"href":"https:\/\/vfnn6z3x222.c.updraftclone.com\/fr\/wp-json\/wp\/v2\/pages"}],"about":[{"href":"https:\/\/vfnn6z3x222.c.updraftclone.com\/fr\/wp-json\/wp\/v2\/types\/page"}],"author":[{"embeddable":true,"href":"https:\/\/vfnn6z3x222.c.updraftclone.com\/fr\/wp-json\/wp\/v2\/users\/107"}],"replies":[{"embeddable":true,"href":"https:\/\/vfnn6z3x222.c.updraftclone.com\/fr\/wp-json\/wp\/v2\/comments?post=1655"}],"version-history":[{"count":2,"href":"https:\/\/vfnn6z3x222.c.updraftclone.com\/fr\/wp-json\/wp\/v2\/pages\/1655\/revisions"}],"predecessor-version":[{"id":2089,"href":"https:\/\/vfnn6z3x222.c.updraftclone.com\/fr\/wp-json\/wp\/v2\/pages\/1655\/revisions\/2089"}],"wp:attachment":[{"href":"https:\/\/vfnn6z3x222.c.updraftclone.com\/fr\/wp-json\/wp\/v2\/media?parent=1655"}],"curies":[{"name":"wp","href":"https:\/\/api.w.org\/{rel}","templated":true}]}}